{"id":1127,"date":"2024-10-27T19:26:06","date_gmt":"2024-10-27T18:26:06","guid":{"rendered":"https:\/\/e-know.uj.edu.pl\/?page_id=1127"},"modified":"2025-11-21T15:05:27","modified_gmt":"2025-11-21T14:05:27","slug":"dr-inz-konrad-skotnicki","status":"publish","type":"page","link":"https:\/\/e-know.uj.edu.pl\/?page_id=1127","title":{"rendered":"Jaros\u0142aw Dzia\u0142ek"},"content":{"rendered":"<div class=\"wp-block-image\">\n<figure class=\"aligncenter size-full\"><img fetchpriority=\"high\" decoding=\"async\" width=\"500\" height=\"320\" src=\"https:\/\/e-know.uj.edu.pl\/wp-content\/uploads\/2025\/11\/dzialek.jpg\" alt=\"\" class=\"wp-image-1674\" srcset=\"https:\/\/e-know.uj.edu.pl\/wp-content\/uploads\/2025\/11\/dzialek.jpg 500w, https:\/\/e-know.uj.edu.pl\/wp-content\/uploads\/2025\/11\/dzialek-300x192.jpg 300w\" sizes=\"(max-width: 500px) 100vw, 500px\" \/><\/figure>\n<\/div>\n\n\n<h3 class=\"wp-block-heading has-text-align-center\">Uniwersytet Jagiello\u0144ski<\/h3>\n\n\n\n<p>Jaros\u0142aw Dzia\u0142ek \u2013 badacz z Instytutu Geografii i Gospodarki Przestrzennej Uniwersytetu Jagiello\u0144skiego. Jego prace koncentruj\u0105 si\u0119 na praktykach artystycznych w uj\u0119ciu przestrzennym oraz na rozwoju dzielnic i o\u015brodk\u00f3w artystycznych. Autor ksi\u0105\u017cki\u00a0<em>Geografia sztuki: struktury przestrzenne zjawisk i proces\u00f3w artystycznych<\/em>. W projekcie dotycz\u0105cym mody zr\u00f3wnowa\u017conej zajmowa\u0142 si\u0119 analiz\u0105 wzorc\u00f3w konsumpcji mody oraz funkcjonowaniem miejsc zwi\u0105zanych z mod\u0105 w przestrzeni miejskiej.\u00a0<\/p>\n\n\n\n<p><\/p>\n","protected":false},"excerpt":{"rendered":"<p>Uniwersytet Jagiello\u0144ski Jaros\u0142aw Dzia\u0142ek \u2013 badacz z Instytutu Geografii i Gospodarki Przestrzennej Uniwersytetu Jagiello\u0144skiego. Jego prace koncentruj\u0105 si\u0119 na praktykach artystycznych w uj\u0119ciu przestrzennym oraz na rozwoju dzielnic i o\u015brodk\u00f3w&#8230;<\/p>\n","protected":false},"author":1,"featured_media":0,"parent":0,"menu_order":0,"comment_status":"closed","ping_status":"closed","template":"","meta":{"footnotes":""},"class_list":["post-1127","page","type-page","status-publish","hentry"],"_links":{"self":[{"href":"https:\/\/e-know.uj.edu.pl\/index.php?rest_route=\/wp\/v2\/pages\/1127","targetHints":{"allow":["GET"]}}],"collection":[{"href":"https:\/\/e-know.uj.edu.pl\/index.php?rest_route=\/wp\/v2\/pages"}],"about":[{"href":"https:\/\/e-know.uj.edu.pl\/index.php?rest_route=\/wp\/v2\/types\/page"}],"author":[{"embeddable":true,"href":"https:\/\/e-know.uj.edu.pl\/index.php?rest_route=\/wp\/v2\/users\/1"}],"replies":[{"embeddable":true,"href":"https:\/\/e-know.uj.edu.pl\/index.php?rest_route=%2Fwp%2Fv2%2Fcomments&post=1127"}],"version-history":[{"count":2,"href":"https:\/\/e-know.uj.edu.pl\/index.php?rest_route=\/wp\/v2\/pages\/1127\/revisions"}],"predecessor-version":[{"id":1675,"href":"https:\/\/e-know.uj.edu.pl\/index.php?rest_route=\/wp\/v2\/pages\/1127\/revisions\/1675"}],"wp:attachment":[{"href":"https:\/\/e-know.uj.edu.pl\/index.php?rest_route=%2Fwp%2Fv2%2Fmedia&parent=1127"}],"curies":[{"name":"wp","href":"https:\/\/api.w.org\/{rel}","templated":true}]}}