{"id":1143,"date":"2024-10-27T19:30:14","date_gmt":"2024-10-27T18:30:14","guid":{"rendered":"https:\/\/e-know.uj.edu.pl\/?page_id=1143"},"modified":"2025-11-21T15:23:30","modified_gmt":"2025-11-21T14:23:30","slug":"dr-lukasz-fieden","status":"publish","type":"page","link":"https:\/\/e-know.uj.edu.pl\/?page_id=1143","title":{"rendered":"Katarzyna Zaj\u0105czkowska\u00a0\u00a0"},"content":{"rendered":"<div class=\"wp-block-image\">\n<figure class=\"aligncenter size-full\"><img fetchpriority=\"high\" decoding=\"async\" width=\"500\" height=\"320\" src=\"https:\/\/e-know.uj.edu.pl\/wp-content\/uploads\/2025\/11\/zajaczkowska.jpg\" alt=\"\" class=\"wp-image-1694\" srcset=\"https:\/\/e-know.uj.edu.pl\/wp-content\/uploads\/2025\/11\/zajaczkowska.jpg 500w, https:\/\/e-know.uj.edu.pl\/wp-content\/uploads\/2025\/11\/zajaczkowska-300x192.jpg 300w\" sizes=\"(max-width: 500px) 100vw, 500px\" \/><\/figure>\n<\/div>\n\n\n<h3 class=\"wp-block-heading has-text-align-center\"><\/h3>\n\n\n\n<p>Wyk\u0142adowczyni i ekspertka zr\u00f3wnowa\u017conej mody, autorka ksi\u0105\u017cki &#8222;Odpowiedzialna moda- przewodnik po slow fashion&#8221;\u00a0i tw\u00f3rczyni podcastu &#8222;Odpowiedzialna moda&#8221;, edukatorka \u00a0(IG: @<a href=\"http:\/\/odpowiedzialnamoda.pl\/\" target=\"_blank\" rel=\"noreferrer noopener\">odpowiedzialnamoda.pl<\/a>).\u00a0Projektantka z kilkunastoletnim do\u015bwiadczeniem w czo\u0142owych firmach odzie\u017cowych. Wsp\u00f3\u0142autorka Raportu \u201eZr\u00f3wnowa\u017cony rynek modowy\u201d<strong>\u00a0<\/strong>opracowanego w ramach Okr\u0105g\u0142ego Sto\u0142u dla Zr\u00f3wnowa\u017conej mody pod auspicjami ONZ (UN Global Compact).\u00a0\u00a0Wyr\u00f3\u017cniona w rankingu Forbes Women za swoje dzia\u0142ania na rzecz edukacji klimatycznej \u00a0&#8222;24 kobiety, kt\u00f3re warto obserwowa\u0107 w 2024 roku&#8221;. Ambasadorka Europejskiego Paktu Klimatycznego przy Komisji Europejskiej\u00a0<\/p>\n\n\n\n<p><\/p>\n\n\n\n<p><\/p>\n","protected":false},"excerpt":{"rendered":"<p>Wyk\u0142adowczyni i ekspertka zr\u00f3wnowa\u017conej mody, autorka ksi\u0105\u017cki &#8222;Odpowiedzialna moda- przewodnik po slow fashion&#8221;\u00a0i tw\u00f3rczyni podcastu &#8222;Odpowiedzialna moda&#8221;, edukatorka \u00a0(IG: @odpowiedzialnamoda.pl).\u00a0Projektantka z kilkunastoletnim do\u015bwiadczeniem w czo\u0142owych firmach odzie\u017cowych. Wsp\u00f3\u0142autorka Raportu \u201eZr\u00f3wnowa\u017cony&#8230;<\/p>\n","protected":false},"author":1,"featured_media":0,"parent":0,"menu_order":0,"comment_status":"closed","ping_status":"closed","template":"","meta":{"footnotes":""},"class_list":["post-1143","page","type-page","status-publish","hentry"],"_links":{"self":[{"href":"https:\/\/e-know.uj.edu.pl\/index.php?rest_route=\/wp\/v2\/pages\/1143","targetHints":{"allow":["GET"]}}],"collection":[{"href":"https:\/\/e-know.uj.edu.pl\/index.php?rest_route=\/wp\/v2\/pages"}],"about":[{"href":"https:\/\/e-know.uj.edu.pl\/index.php?rest_route=\/wp\/v2\/types\/page"}],"author":[{"embeddable":true,"href":"https:\/\/e-know.uj.edu.pl\/index.php?rest_route=\/wp\/v2\/users\/1"}],"replies":[{"embeddable":true,"href":"https:\/\/e-know.uj.edu.pl\/index.php?rest_route=%2Fwp%2Fv2%2Fcomments&post=1143"}],"version-history":[{"count":2,"href":"https:\/\/e-know.uj.edu.pl\/index.php?rest_route=\/wp\/v2\/pages\/1143\/revisions"}],"predecessor-version":[{"id":1695,"href":"https:\/\/e-know.uj.edu.pl\/index.php?rest_route=\/wp\/v2\/pages\/1143\/revisions\/1695"}],"wp:attachment":[{"href":"https:\/\/e-know.uj.edu.pl\/index.php?rest_route=%2Fwp%2Fv2%2Fmedia&parent=1143"}],"curies":[{"name":"wp","href":"https:\/\/api.w.org\/{rel}","templated":true}]}}