{"id":1147,"date":"2024-10-27T19:31:45","date_gmt":"2024-10-27T18:31:45","guid":{"rendered":"https:\/\/e-know.uj.edu.pl\/?page_id=1147"},"modified":"2025-11-21T14:30:36","modified_gmt":"2025-11-21T13:30:36","slug":"dr-hab-inz-jerzy-domzal-prof-agh-mba","status":"publish","type":"page","link":"https:\/\/e-know.uj.edu.pl\/?page_id=1147","title":{"rendered":"Katarzyna Stasiuk"},"content":{"rendered":"<div class=\"wp-block-image\">\n<figure class=\"aligncenter size-full\"><img fetchpriority=\"high\" decoding=\"async\" width=\"500\" height=\"320\" src=\"https:\/\/e-know.uj.edu.pl\/wp-content\/uploads\/2025\/11\/Stasiuk.jpg\" alt=\"\" class=\"wp-image-1648\" srcset=\"https:\/\/e-know.uj.edu.pl\/wp-content\/uploads\/2025\/11\/Stasiuk.jpg 500w, https:\/\/e-know.uj.edu.pl\/wp-content\/uploads\/2025\/11\/Stasiuk-300x192.jpg 300w\" sizes=\"(max-width: 500px) 100vw, 500px\" \/><\/figure>\n<\/div>\n\n\n<h3 class=\"wp-block-heading has-text-align-center\">Uniwersytet Jagiello\u0144ski<\/h3>\n\n\n\n<p>Doktor habilitowana nauk spo\u0142ecznych w dyscyplinie psychologia, profesor w Instytucie Psychologii Stosowanej Uniwersytetu Jagiello\u0144skiego. Jej zainteresowania naukowe obejmuj\u0105 psychologi\u0119 zachowa\u0144 konsumenckich oraz psychologi\u0119 spo\u0142eczn\u0105, w szczeg\u00f3lno\u015bci problematyk\u0119 zr\u00f3wnowa\u017conej konsumpcji oraz spostrzegania spo\u0142ecznego. Realizuje projekty badawcze o zasi\u0119gu krajowym i mi\u0119dzynarodowym. Jest autork\u0105 licznych publikacji naukowych oraz monografii Psychologia konsumenta i Psychologiczne aspekty spostrzegania ekspert\u00f3w wydanych przez PWN. Posiada wieloletnie do\u015bwiadczenie praktyczne w prowadzeniu bada\u0144 rynku, jest ekspertk\u0105 w sprawach dotycz\u0105cych nieuczciwej konkurencji i praktyk marketingowych. Obecnie ko\u0144czy r\u00f3wnie\u017c szkolenie z psychoterapii poznawczo-behawioralnej.\u00a0<\/p>\n\n\n\n<p><\/p>\n\n\n\n<p><\/p>\n","protected":false},"excerpt":{"rendered":"<p>Uniwersytet Jagiello\u0144ski Doktor habilitowana nauk spo\u0142ecznych w dyscyplinie psychologia, profesor w Instytucie Psychologii Stosowanej Uniwersytetu Jagiello\u0144skiego. Jej zainteresowania naukowe obejmuj\u0105 psychologi\u0119 zachowa\u0144 konsumenckich oraz psychologi\u0119 spo\u0142eczn\u0105, w szczeg\u00f3lno\u015bci problematyk\u0119 zr\u00f3wnowa\u017conej&#8230;<\/p>\n","protected":false},"author":1,"featured_media":0,"parent":0,"menu_order":0,"comment_status":"closed","ping_status":"closed","template":"","meta":{"footnotes":""},"class_list":["post-1147","page","type-page","status-publish","hentry"],"_links":{"self":[{"href":"https:\/\/e-know.uj.edu.pl\/index.php?rest_route=\/wp\/v2\/pages\/1147","targetHints":{"allow":["GET"]}}],"collection":[{"href":"https:\/\/e-know.uj.edu.pl\/index.php?rest_route=\/wp\/v2\/pages"}],"about":[{"href":"https:\/\/e-know.uj.edu.pl\/index.php?rest_route=\/wp\/v2\/types\/page"}],"author":[{"embeddable":true,"href":"https:\/\/e-know.uj.edu.pl\/index.php?rest_route=\/wp\/v2\/users\/1"}],"replies":[{"embeddable":true,"href":"https:\/\/e-know.uj.edu.pl\/index.php?rest_route=%2Fwp%2Fv2%2Fcomments&post=1147"}],"version-history":[{"count":3,"href":"https:\/\/e-know.uj.edu.pl\/index.php?rest_route=\/wp\/v2\/pages\/1147\/revisions"}],"predecessor-version":[{"id":1651,"href":"https:\/\/e-know.uj.edu.pl\/index.php?rest_route=\/wp\/v2\/pages\/1147\/revisions\/1651"}],"wp:attachment":[{"href":"https:\/\/e-know.uj.edu.pl\/index.php?rest_route=%2Fwp%2Fv2%2Fmedia&parent=1147"}],"curies":[{"name":"wp","href":"https:\/\/api.w.org\/{rel}","templated":true}]}}