{"id":1162,"date":"2024-10-27T19:48:38","date_gmt":"2024-10-27T18:48:38","guid":{"rendered":"https:\/\/e-know.uj.edu.pl\/?page_id=1162"},"modified":"2024-10-27T19:48:38","modified_gmt":"2024-10-27T18:48:38","slug":"dr-sebastian-bas","status":"publish","type":"page","link":"https:\/\/e-know.uj.edu.pl\/?page_id=1162","title":{"rendered":"Dr Sebastian Ba\u015b"},"content":{"rendered":"<div class=\"wp-block-image\">\n<figure class=\"aligncenter size-full\"><img fetchpriority=\"high\" decoding=\"async\" width=\"500\" height=\"320\" src=\"https:\/\/e-know.uj.edu.pl\/wp-content\/uploads\/2024\/10\/bas.jpg\" alt=\"\" class=\"wp-image-1099\" srcset=\"https:\/\/e-know.uj.edu.pl\/wp-content\/uploads\/2024\/10\/bas.jpg 500w, https:\/\/e-know.uj.edu.pl\/wp-content\/uploads\/2024\/10\/bas-300x192.jpg 300w\" sizes=\"(max-width: 500px) 100vw, 500px\" \/><\/figure>\n<\/div>\n\n\n<h3 class=\"wp-block-heading has-text-align-center\">Wydzia\u0142 Chemii UJ<\/h3>\n\n\n\n<p>Sebastian Ba\u015b urodzi\u0142 si\u0119 w Krakowie w 1986 roku. Studia na Wydziale Chemii Uniwersytetu Jagiello\u0144skiego rozpocz\u0105\u0142 w 2005 roku, gdzie cztery lata p\u00f3\u017aniej do\u0142\u0105czy\u0142 do zespo\u0142u prof. Jacka M\u0142ynarskiego. W 2011 roku uko\u0144czy\u0142 studia in\u017cynierskie o kierunku Techniki Chemicznej na Wydziale In\u017cynierii Materia\u0142owej i Ceramiki Akademii G\u00f3rniczo-Hutniczej w Krakowie. Tytu\u0142 doktora nauk chemicznych uzyska\u0142 w 2014 roku na Wydziale Chemii UJ, gdzie rozpocz\u0105\u0142 p\u00f3\u017aniej prac\u0119 jako asystent. Sta\u017c podoktorski odby\u0142 na Uniwersytecie Tokijskim w zespole prof. Shu Kobayashi. Obecnie jest adiunktem w Zak\u0142adzie Chemii Organicznej Wydzia\u0142u Chemii UJ oraz profesorem wizytuj\u0105cym instytut ICOA na Uniwersytecie w Orleanie. Jego g\u0142\u00f3wne zainteresowania naukowe to stereokontrolowana synteza totalna zwi\u0105zk\u00f3w naturalnych i bioaktywnych, opracowywanie nowych reakcji stereoselektywnych oraz przemian inicjowanych \u015bwiat\u0142em-widzialnym, jak r\u00f3wnie\u017c chemia wspomagana komputerowo w poszukiwaniu nieznanych transformacji chemicznych.<\/p>\n\n\n\n<p><\/p>\n","protected":false},"excerpt":{"rendered":"<p>Wydzia\u0142 Chemii UJ Sebastian Ba\u015b urodzi\u0142 si\u0119 w Krakowie w 1986 roku. Studia na Wydziale Chemii Uniwersytetu Jagiello\u0144skiego rozpocz\u0105\u0142 w 2005 roku, gdzie cztery lata p\u00f3\u017aniej do\u0142\u0105czy\u0142 do zespo\u0142u prof&#8230;.<\/p>\n","protected":false},"author":1,"featured_media":0,"parent":0,"menu_order":0,"comment_status":"closed","ping_status":"closed","template":"","meta":{"footnotes":""},"class_list":["post-1162","page","type-page","status-publish","hentry"],"_links":{"self":[{"href":"https:\/\/e-know.uj.edu.pl\/index.php?rest_route=\/wp\/v2\/pages\/1162","targetHints":{"allow":["GET"]}}],"collection":[{"href":"https:\/\/e-know.uj.edu.pl\/index.php?rest_route=\/wp\/v2\/pages"}],"about":[{"href":"https:\/\/e-know.uj.edu.pl\/index.php?rest_route=\/wp\/v2\/types\/page"}],"author":[{"embeddable":true,"href":"https:\/\/e-know.uj.edu.pl\/index.php?rest_route=\/wp\/v2\/users\/1"}],"replies":[{"embeddable":true,"href":"https:\/\/e-know.uj.edu.pl\/index.php?rest_route=%2Fwp%2Fv2%2Fcomments&post=1162"}],"version-history":[{"count":1,"href":"https:\/\/e-know.uj.edu.pl\/index.php?rest_route=\/wp\/v2\/pages\/1162\/revisions"}],"predecessor-version":[{"id":1164,"href":"https:\/\/e-know.uj.edu.pl\/index.php?rest_route=\/wp\/v2\/pages\/1162\/revisions\/1164"}],"wp:attachment":[{"href":"https:\/\/e-know.uj.edu.pl\/index.php?rest_route=%2Fwp%2Fv2%2Fmedia&parent=1162"}],"curies":[{"name":"wp","href":"https:\/\/api.w.org\/{rel}","templated":true}]}}