{"id":1355,"date":"2024-11-10T10:27:11","date_gmt":"2024-11-10T09:27:11","guid":{"rendered":"https:\/\/e-know.uj.edu.pl\/?page_id=1355"},"modified":"2024-11-10T10:27:11","modified_gmt":"2024-11-10T09:27:11","slug":"prof-dr-hab-aleksander-mendyk","status":"publish","type":"page","link":"https:\/\/e-know.uj.edu.pl\/?page_id=1355","title":{"rendered":"Prof. dr hab. Aleksander Mendyk"},"content":{"rendered":"<div class=\"wp-block-image\">\n<figure class=\"aligncenter size-full\"><img fetchpriority=\"high\" decoding=\"async\" width=\"500\" height=\"320\" src=\"https:\/\/e-know.uj.edu.pl\/wp-content\/uploads\/2024\/11\/mendyk.jpg\" alt=\"\" class=\"wp-image-1356\" srcset=\"https:\/\/e-know.uj.edu.pl\/wp-content\/uploads\/2024\/11\/mendyk.jpg 500w, https:\/\/e-know.uj.edu.pl\/wp-content\/uploads\/2024\/11\/mendyk-300x192.jpg 300w\" sizes=\"(max-width: 500px) 100vw, 500px\" \/><\/figure>\n<\/div>\n\n\n<h3 class=\"wp-block-heading has-text-align-center\">Wydzia\u0142 Farmaceutyczny UJCM<\/h3>\n\n\n\n<p>Prof. dr hab. Aleksander Mendyk jest ekspertem w zakresie zastosowa\u0144 metod sztucznej inteligencji\u00a0 w technologii postaci leku i biofarmacji, korelacji in vitro in vivo (IVIVC) i bior\u00f3wnowa\u017cno\u015bci; autor I wsp\u00f3\u0142autor ponad 100 publikacji naukowych. Farmaceuta i programista zar\u00f3wno w aplikacjach Open Source, jak i komercyjnych (R, Python, Java). Obecnie Kierownik Katedry Technologii Postaci Leku i Biofarmacji Uniwersytetu Jagiello\u0144skiego-Collegium Medicum w Krakowie, Prodziekan ds. nauki i rozwoju Wydzia\u0142u Farmaceutycznego UJCM.<\/p>\n","protected":false},"excerpt":{"rendered":"<p>Wydzia\u0142 Farmaceutyczny UJCM Prof. dr hab. Aleksander Mendyk jest ekspertem w zakresie zastosowa\u0144 metod sztucznej inteligencji\u00a0 w technologii postaci leku i biofarmacji, korelacji in vitro in vivo (IVIVC) i bior\u00f3wnowa\u017cno\u015bci;&#8230;<\/p>\n","protected":false},"author":1,"featured_media":0,"parent":0,"menu_order":0,"comment_status":"closed","ping_status":"closed","template":"","meta":{"footnotes":""},"class_list":["post-1355","page","type-page","status-publish","hentry"],"_links":{"self":[{"href":"https:\/\/e-know.uj.edu.pl\/index.php?rest_route=\/wp\/v2\/pages\/1355","targetHints":{"allow":["GET"]}}],"collection":[{"href":"https:\/\/e-know.uj.edu.pl\/index.php?rest_route=\/wp\/v2\/pages"}],"about":[{"href":"https:\/\/e-know.uj.edu.pl\/index.php?rest_route=\/wp\/v2\/types\/page"}],"author":[{"embeddable":true,"href":"https:\/\/e-know.uj.edu.pl\/index.php?rest_route=\/wp\/v2\/users\/1"}],"replies":[{"embeddable":true,"href":"https:\/\/e-know.uj.edu.pl\/index.php?rest_route=%2Fwp%2Fv2%2Fcomments&post=1355"}],"version-history":[{"count":1,"href":"https:\/\/e-know.uj.edu.pl\/index.php?rest_route=\/wp\/v2\/pages\/1355\/revisions"}],"predecessor-version":[{"id":1357,"href":"https:\/\/e-know.uj.edu.pl\/index.php?rest_route=\/wp\/v2\/pages\/1355\/revisions\/1357"}],"wp:attachment":[{"href":"https:\/\/e-know.uj.edu.pl\/index.php?rest_route=%2Fwp%2Fv2%2Fmedia&parent=1355"}],"curies":[{"name":"wp","href":"https:\/\/api.w.org\/{rel}","templated":true}]}}