{"id":1462,"date":"2024-11-17T16:51:15","date_gmt":"2024-11-17T15:51:15","guid":{"rendered":"https:\/\/e-know.uj.edu.pl\/?page_id=1462"},"modified":"2025-11-21T15:22:42","modified_gmt":"2025-11-21T14:22:42","slug":"dr-inz-michal-grega","status":"publish","type":"page","link":"https:\/\/e-know.uj.edu.pl\/?page_id=1462","title":{"rendered":"Monika Murzyn-Kupisz"},"content":{"rendered":"<div class=\"wp-block-image\">\n<figure class=\"aligncenter size-full\"><img fetchpriority=\"high\" decoding=\"async\" width=\"500\" height=\"320\" src=\"https:\/\/e-know.uj.edu.pl\/wp-content\/uploads\/2025\/11\/murzyn.jpg\" alt=\"\" class=\"wp-image-1692\" srcset=\"https:\/\/e-know.uj.edu.pl\/wp-content\/uploads\/2025\/11\/murzyn.jpg 500w, https:\/\/e-know.uj.edu.pl\/wp-content\/uploads\/2025\/11\/murzyn-300x192.jpg 300w\" sizes=\"(max-width: 500px) 100vw, 500px\" \/><\/figure>\n<\/div>\n\n\n<h3 class=\"wp-block-heading has-text-align-center\">Uniwersytet Jagiello\u0144ski<\/h3>\n\n\n\n<p>Monika Murzyn-Kupisz \u2013 doktor habilitowany nauk ekonomicznych, magister nauk humanistycznych, profesor w Instytucie Geografii i Gospodarki Przestrzennej Uniwersytetu Jagiello\u0144skiego. Absolwentka Uniwersytetu Ekonomicznego w Krakowie oraz Uniwersytet\u00f3w w Brukseli, Tilburgu, Bilbao i Loughborough a tak\u017ce podyplomowych studi\u00f3w \u201eAkademia Dziedzictwa\u201d. Cz\u0142onek PKN ICOMOS, Association for Cultural Economics International, Regional Studies Association oraz Polskiego Towarzystwa Geograficznego. Cz\u0142onek Rady Programowej Muzeum Kultury Ludowej w Kolbuszowej kadencji 2023-2026. W latach 2022-2024 cz\u0142onek Rady Programowej Narodowego Instytutu Dziedzictwa. W ramach dzia\u0142alno\u015bci eksperckiej wsp\u00f3\u0142pracowa\u0142a m.in. z UNESCO, OECD, ICOM, ICOMOS, NID, NIM. Jej wielodyscyplinarne zainteresowania naukowe koncentruj\u0105 si\u0119 wok\u00f3\u0142 kwestii ochrony, interpretacji oraz wsp\u00f3\u0142czesnego wykorzystania dziedzictwa kulturowego oraz roli sztuki, instytucji kultury (muzea, biblioteki), artyst\u00f3w i przemys\u0142\u00f3w kreatywnych, w tym sektora mody w rozwoju regionalnym i lokalnym. Jest autorem lub wsp\u00f3\u0142autorem ponad 100 publikacji naukowych, w tym monografii: \u201eChanging geographies of fashion production and consumption in the European semi-periphery: Transition towards sustainability?\u201d (2025, w druku), \u201eArty\u015bci w przestrzeni miejskiej Krakowa i Katowic\u201d (2017, wsp\u00f3\u0142autor J. Dzia\u0142ek), \u201eInstytucje muzealne z perspektywy ekonomii kultury\u201d (2016) (wsp\u00f3\u0142praca J. Dzia\u0142ek), \u201eDziedzictwo kulturowe a rozw\u00f3j lokalny\u201d (2012) oraz \u201eKazimierz. \u015arodkowoeuropejskie do\u015bwiadczenie rewitalizacji\u201d (2006).\u00a0<\/p>\n\n\n\n<p><\/p>\n\n\n\n<p><\/p>\n","protected":false},"excerpt":{"rendered":"<p>Uniwersytet Jagiello\u0144ski Monika Murzyn-Kupisz \u2013 doktor habilitowany nauk ekonomicznych, magister nauk humanistycznych, profesor w Instytucie Geografii i Gospodarki Przestrzennej Uniwersytetu Jagiello\u0144skiego. Absolwentka Uniwersytetu Ekonomicznego w Krakowie oraz Uniwersytet\u00f3w w Brukseli,&#8230;<\/p>\n","protected":false},"author":1,"featured_media":0,"parent":0,"menu_order":0,"comment_status":"closed","ping_status":"closed","template":"","meta":{"footnotes":""},"class_list":["post-1462","page","type-page","status-publish","hentry"],"_links":{"self":[{"href":"https:\/\/e-know.uj.edu.pl\/index.php?rest_route=\/wp\/v2\/pages\/1462","targetHints":{"allow":["GET"]}}],"collection":[{"href":"https:\/\/e-know.uj.edu.pl\/index.php?rest_route=\/wp\/v2\/pages"}],"about":[{"href":"https:\/\/e-know.uj.edu.pl\/index.php?rest_route=\/wp\/v2\/types\/page"}],"author":[{"embeddable":true,"href":"https:\/\/e-know.uj.edu.pl\/index.php?rest_route=\/wp\/v2\/users\/1"}],"replies":[{"embeddable":true,"href":"https:\/\/e-know.uj.edu.pl\/index.php?rest_route=%2Fwp%2Fv2%2Fcomments&post=1462"}],"version-history":[{"count":3,"href":"https:\/\/e-know.uj.edu.pl\/index.php?rest_route=\/wp\/v2\/pages\/1462\/revisions"}],"predecessor-version":[{"id":1693,"href":"https:\/\/e-know.uj.edu.pl\/index.php?rest_route=\/wp\/v2\/pages\/1462\/revisions\/1693"}],"wp:attachment":[{"href":"https:\/\/e-know.uj.edu.pl\/index.php?rest_route=%2Fwp%2Fv2%2Fmedia&parent=1462"}],"curies":[{"name":"wp","href":"https:\/\/api.w.org\/{rel}","templated":true}]}}