{"id":1618,"date":"2025-11-20T21:18:55","date_gmt":"2025-11-20T20:18:55","guid":{"rendered":"https:\/\/e-know.uj.edu.pl\/?page_id=1618"},"modified":"2025-11-20T21:18:55","modified_gmt":"2025-11-20T20:18:55","slug":"1100-1400-miejskie-rozdanie","status":"publish","type":"page","link":"https:\/\/e-know.uj.edu.pl\/?page_id=1618","title":{"rendered":"11:00 &#8211; 14:00 Miejskie Rozdanie"},"content":{"rendered":"\n<details class=\"wp-block-details is-layout-flow wp-block-details-is-layout-flow\"><summary>w trakcie wydarzenia przeprowadzona zostanie wieloosobowa gra planszowa, kt\u00f3ra stanowi symulacj\u0119 podejmowania decyzji w fikcyjnym mie\u015bcie i pozwala uczestnikom wcieli\u0107 si\u0119 w role mieszka\u0144c\u00f3w oraz radnych. Gra opiera si\u0119 na pracy z realnymi wyzwaniami urbanistycznymi, w tym dotycz\u0105cymi zieleni, jako\u015bci powietrza, transportu i zr\u00f3wnowa\u017conego rozwoju \u2013 dzi\u0119ki czemu w atrakcyjny spos\u00f3b przybli\u017ca zagadnienia ekologiczne oraz pokazuje, jak podejmowane decyzje wp\u0142ywaj\u0105 na kszta\u0142towanie miasta przyjaznego \u015brodowisku. W rozgrywce we\u017amie udzia\u0142 8 zespo\u0142\u00f3w, a ka\u017cdy z nich b\u0119dzie m\u00f3g\u0142 wystawi\u0107 2\u20133 graczy. Miejskie Rozdanie to gra zaprojektowana przez stowarzyszenie Pospolite Ruszenie w ramach projektu Erasmus+: &#8222;Miejskie Rozdanie &#8211; zagraj o swoj\u0105 przysz\u0142o\u015b\u0107&#8221;.\u00a0<\/summary>\n<h2 class=\"wp-block-heading\"><\/h2>\n<\/details>\n","protected":false},"excerpt":{"rendered":"","protected":false},"author":1,"featured_media":0,"parent":0,"menu_order":0,"comment_status":"closed","ping_status":"closed","template":"","meta":{"footnotes":""},"class_list":["post-1618","page","type-page","status-publish","hentry"],"_links":{"self":[{"href":"https:\/\/e-know.uj.edu.pl\/index.php?rest_route=\/wp\/v2\/pages\/1618","targetHints":{"allow":["GET"]}}],"collection":[{"href":"https:\/\/e-know.uj.edu.pl\/index.php?rest_route=\/wp\/v2\/pages"}],"about":[{"href":"https:\/\/e-know.uj.edu.pl\/index.php?rest_route=\/wp\/v2\/types\/page"}],"author":[{"embeddable":true,"href":"https:\/\/e-know.uj.edu.pl\/index.php?rest_route=\/wp\/v2\/users\/1"}],"replies":[{"embeddable":true,"href":"https:\/\/e-know.uj.edu.pl\/index.php?rest_route=%2Fwp%2Fv2%2Fcomments&post=1618"}],"version-history":[{"count":1,"href":"https:\/\/e-know.uj.edu.pl\/index.php?rest_route=\/wp\/v2\/pages\/1618\/revisions"}],"predecessor-version":[{"id":1619,"href":"https:\/\/e-know.uj.edu.pl\/index.php?rest_route=\/wp\/v2\/pages\/1618\/revisions\/1619"}],"wp:attachment":[{"href":"https:\/\/e-know.uj.edu.pl\/index.php?rest_route=%2Fwp%2Fv2%2Fmedia&parent=1618"}],"curies":[{"name":"wp","href":"https:\/\/api.w.org\/{rel}","templated":true}]}}