{"id":1622,"date":"2025-11-20T21:27:17","date_gmt":"2025-11-20T20:27:17","guid":{"rendered":"https:\/\/e-know.uj.edu.pl\/?page_id=1622"},"modified":"2025-11-20T21:27:17","modified_gmt":"2025-11-20T20:27:17","slug":"moda-na-zmiany-fast-vs-slow","status":"publish","type":"page","link":"https:\/\/e-know.uj.edu.pl\/?page_id=1622","title":{"rendered":"Moda na zmiany: fast vs. slow \u00a0"},"content":{"rendered":"\n<details class=\"wp-block-details is-layout-flow wp-block-details-is-layout-flow\"><summary>Wyj\u0105tkowy pokaz mody przygotowany specjalnie na tegoroczny Kongres po\u015bwi\u0119cony dzia\u0142aniom proekologicznym i krytycznemu spojrzeniu na zjawisko fast fashion. Pokaz zestawia ze sob\u0105 dwa kontrastowe podej\u015bcia do ubioru, podkre\u015blaj\u0105c, jak nasze codzienne wybory wp\u0142ywaj\u0105 na planet\u0119. Zostan\u0105 zaprezentowane stylizacje stworzone przez Dorot\u0119 Papie\u017c z butiku Studio Clou z Bielska-Bia\u0142ej <strong>\u2013<\/strong> symbole szybko zmieniaj\u0105cych si\u0119 trend\u00f3w i masowej produkcji. To wizualne odzwierciedlenie dynamiki i skali przemys\u0142u fast fashion, kt\u00f3ry coraz mocniej oddzia\u0142uje na \u015brodowisko naturalne. W kontra\u015bcie do butikowych stylizacji przedstawione zostan\u0105 alternatywy: modelki wyst\u0105pi\u0105 w unikatowych stylizacjach stworzonych z przerobionych, odnowionych lub ponownie wykorzystanych element\u00f3w garderoby. Te kreacje promuj\u0105 slow fashion, kreatywno\u015b\u0107 oraz \u015bwiadome podej\u015bcie do mody, ukazuj\u0105c, \u017ce zr\u00f3wnowa\u017cone wybory mog\u0105 by\u0107 r\u00f3wnie efektowne i nowoczesne. Pokaz \u201eModa na zmiany: fast vs slow\u201d to nie tylko prezentacja ubior\u00f3w, ale przede wszystkim zaproszenie do refleksji nad tym, jakie znaczenie maj\u0105 nasze modowe wybory <strong>\u2013<\/strong>\u00a0 i jak mog\u0105 sta\u0107 si\u0119 realnym narz\u0119dziem walki z nadmiern\u0105 konsumpcj\u0105 i zmianami klimatu.\u00a0\u00a0<\/summary>\n<h2 class=\"wp-block-heading\"><\/h2>\n<\/details>\n","protected":false},"excerpt":{"rendered":"","protected":false},"author":1,"featured_media":0,"parent":0,"menu_order":0,"comment_status":"closed","ping_status":"closed","template":"","meta":{"footnotes":""},"class_list":["post-1622","page","type-page","status-publish","hentry"],"_links":{"self":[{"href":"https:\/\/e-know.uj.edu.pl\/index.php?rest_route=\/wp\/v2\/pages\/1622","targetHints":{"allow":["GET"]}}],"collection":[{"href":"https:\/\/e-know.uj.edu.pl\/index.php?rest_route=\/wp\/v2\/pages"}],"about":[{"href":"https:\/\/e-know.uj.edu.pl\/index.php?rest_route=\/wp\/v2\/types\/page"}],"author":[{"embeddable":true,"href":"https:\/\/e-know.uj.edu.pl\/index.php?rest_route=\/wp\/v2\/users\/1"}],"replies":[{"embeddable":true,"href":"https:\/\/e-know.uj.edu.pl\/index.php?rest_route=%2Fwp%2Fv2%2Fcomments&post=1622"}],"version-history":[{"count":1,"href":"https:\/\/e-know.uj.edu.pl\/index.php?rest_route=\/wp\/v2\/pages\/1622\/revisions"}],"predecessor-version":[{"id":1623,"href":"https:\/\/e-know.uj.edu.pl\/index.php?rest_route=\/wp\/v2\/pages\/1622\/revisions\/1623"}],"wp:attachment":[{"href":"https:\/\/e-know.uj.edu.pl\/index.php?rest_route=%2Fwp%2Fv2%2Fmedia&parent=1622"}],"curies":[{"name":"wp","href":"https:\/\/api.w.org\/{rel}","templated":true}]}}