{"id":1649,"date":"2025-11-21T14:56:06","date_gmt":"2025-11-21T13:56:06","guid":{"rendered":"https:\/\/e-know.uj.edu.pl\/?page_id=1649"},"modified":"2025-11-21T14:56:06","modified_gmt":"2025-11-21T13:56:06","slug":"anna-tischner","status":"publish","type":"page","link":"https:\/\/e-know.uj.edu.pl\/?page_id=1649","title":{"rendered":"Anna Tischner"},"content":{"rendered":"<div class=\"wp-block-image\">\n<figure class=\"aligncenter size-full\"><img fetchpriority=\"high\" decoding=\"async\" width=\"500\" height=\"320\" src=\"https:\/\/e-know.uj.edu.pl\/wp-content\/uploads\/2025\/11\/tischner.jpg\" alt=\"\" class=\"wp-image-1655\" srcset=\"https:\/\/e-know.uj.edu.pl\/wp-content\/uploads\/2025\/11\/tischner.jpg 500w, https:\/\/e-know.uj.edu.pl\/wp-content\/uploads\/2025\/11\/tischner-300x192.jpg 300w\" sizes=\"(max-width: 500px) 100vw, 500px\" \/><\/figure>\n<\/div>\n\n\n<h3 class=\"wp-block-heading has-text-align-center\">Uniwersytet Jagiello\u0144ski<\/h3>\n\n\n\n<p>Doktor habilitowana nauk prawnych, profesor Uniwersytetu Jagiello\u0144skiego. Pracuje w Katedrze Prawa W\u0142asno\u015bci Intelektualnej na Wydziale Prawa i Administracji UJ. Jej zainteresowania badawcze koncentruj\u0105 si\u0119 na zagadnieniach ochrony w\u0142asno\u015bci intelektualnej, w szczeg\u00f3lno\u015bci designu, znak\u00f3w towarowych oraz zwalczania nieuczciwej konkurencji. Jest autork\u0105 licznych publikacji dotycz\u0105cych praktyk zr\u00f3wnowa\u017conego rozwoju, prawa do naprawy oraz barier w transformacji ku gospodarce cyrkularnej wynikaj\u0105cych z regulacji ochrony w\u0142asno\u015bci intelektualnej. Prowadzi interdyscyplinarne badania empiryczne na temat praktyk gospodarki cyrkularnej razem z prof. Katarzyn\u0105 Stasiuk.\u00a0<\/p>\n\n\n\n<p><\/p>\n","protected":false},"excerpt":{"rendered":"<p>Uniwersytet Jagiello\u0144ski Doktor habilitowana nauk prawnych, profesor Uniwersytetu Jagiello\u0144skiego. Pracuje w Katedrze Prawa W\u0142asno\u015bci Intelektualnej na Wydziale Prawa i Administracji UJ. Jej zainteresowania badawcze koncentruj\u0105 si\u0119 na zagadnieniach ochrony w\u0142asno\u015bci&#8230;<\/p>\n","protected":false},"author":1,"featured_media":0,"parent":0,"menu_order":0,"comment_status":"closed","ping_status":"closed","template":"","meta":{"footnotes":""},"class_list":["post-1649","page","type-page","status-publish","hentry"],"_links":{"self":[{"href":"https:\/\/e-know.uj.edu.pl\/index.php?rest_route=\/wp\/v2\/pages\/1649","targetHints":{"allow":["GET"]}}],"collection":[{"href":"https:\/\/e-know.uj.edu.pl\/index.php?rest_route=\/wp\/v2\/pages"}],"about":[{"href":"https:\/\/e-know.uj.edu.pl\/index.php?rest_route=\/wp\/v2\/types\/page"}],"author":[{"embeddable":true,"href":"https:\/\/e-know.uj.edu.pl\/index.php?rest_route=\/wp\/v2\/users\/1"}],"replies":[{"embeddable":true,"href":"https:\/\/e-know.uj.edu.pl\/index.php?rest_route=%2Fwp%2Fv2%2Fcomments&post=1649"}],"version-history":[{"count":1,"href":"https:\/\/e-know.uj.edu.pl\/index.php?rest_route=\/wp\/v2\/pages\/1649\/revisions"}],"predecessor-version":[{"id":1656,"href":"https:\/\/e-know.uj.edu.pl\/index.php?rest_route=\/wp\/v2\/pages\/1649\/revisions\/1656"}],"wp:attachment":[{"href":"https:\/\/e-know.uj.edu.pl\/index.php?rest_route=%2Fwp%2Fv2%2Fmedia&parent=1649"}],"curies":[{"name":"wp","href":"https:\/\/api.w.org\/{rel}","templated":true}]}}