{"id":1712,"date":"2025-11-24T08:29:28","date_gmt":"2025-11-24T07:29:28","guid":{"rendered":"https:\/\/e-know.uj.edu.pl\/?page_id=1712"},"modified":"2025-11-24T09:11:10","modified_gmt":"2025-11-24T08:11:10","slug":"jowita-guja","status":"publish","type":"page","link":"https:\/\/e-know.uj.edu.pl\/?page_id=1712","title":{"rendered":"Jowita Guja"},"content":{"rendered":"<div class=\"wp-block-image\">\n<figure class=\"aligncenter size-full\"><img fetchpriority=\"high\" decoding=\"async\" width=\"500\" height=\"320\" src=\"https:\/\/e-know.uj.edu.pl\/wp-content\/uploads\/2025\/11\/guja.jpg\" alt=\"\" class=\"wp-image-1713\" srcset=\"https:\/\/e-know.uj.edu.pl\/wp-content\/uploads\/2025\/11\/guja.jpg 500w, https:\/\/e-know.uj.edu.pl\/wp-content\/uploads\/2025\/11\/guja-300x192.jpg 300w\" sizes=\"(max-width: 500px) 100vw, 500px\" \/><\/figure>\n<\/div>\n\n\n<h3 class=\"wp-block-heading has-text-align-center\">Akademia G\u00f3rniczo-Hutnicza<\/h3>\n\n\n\n<p>Dr hab. Jowita Guja \u2013 badaczka kultury i filozofka technologii, kieruje Laboratorium Bada\u0144 Rzeczywisto\u015bci Wirtualnej i Gier EduVRGameLab na Wydziale Humanistycznym AGH w Krakowie. Specjalizuje si\u0119 w wykorzystaniu VR i AI w projektach badawczych, edukacyjnych i\u00a0kreatywnych. Jednocze\u015bnie od wielu lat prowadzi badania i zaj\u0119cia dydaktyczne\u00a0 w obszarze fashion studies, \u0142\u0105cz\u0105c analizy wsp\u00f3\u0142czesnej mody z refleksj\u0105 nad kultur\u0105 wizualn\u0105 i technologiczn\u0105. Jej prace eksploruj\u0105 relacje mi\u0119dzy humanistyk\u0105, mod\u0105 i technologi\u0105, pokazuj\u0105c, jak immersyjne media mog\u0105 wspiera\u0107 nowe modele wiedzy, do\u015bwiadczenia i\u00a0komunikacji. W ramach EduVRGameLab rozwija innowacyjne rozwi\u0105zania, kt\u00f3re ujawniaj\u0105, w jaki spos\u00f3b technologia kszta\u0142tuje kompetencje przysz\u0142o\u015bci oraz transformacje kulturowe w erze cyfrowej.<\/p>\n\n\n\n<p><\/p>\n","protected":false},"excerpt":{"rendered":"<p>Akademia G\u00f3rniczo-Hutnicza Dr hab. Jowita Guja \u2013 badaczka kultury i filozofka technologii, kieruje Laboratorium Bada\u0144 Rzeczywisto\u015bci Wirtualnej i Gier EduVRGameLab na Wydziale Humanistycznym AGH w Krakowie. Specjalizuje si\u0119 w wykorzystaniu&#8230;<\/p>\n","protected":false},"author":1,"featured_media":0,"parent":0,"menu_order":0,"comment_status":"closed","ping_status":"closed","template":"","meta":{"footnotes":""},"class_list":["post-1712","page","type-page","status-publish","hentry"],"_links":{"self":[{"href":"https:\/\/e-know.uj.edu.pl\/index.php?rest_route=\/wp\/v2\/pages\/1712","targetHints":{"allow":["GET"]}}],"collection":[{"href":"https:\/\/e-know.uj.edu.pl\/index.php?rest_route=\/wp\/v2\/pages"}],"about":[{"href":"https:\/\/e-know.uj.edu.pl\/index.php?rest_route=\/wp\/v2\/types\/page"}],"author":[{"embeddable":true,"href":"https:\/\/e-know.uj.edu.pl\/index.php?rest_route=\/wp\/v2\/users\/1"}],"replies":[{"embeddable":true,"href":"https:\/\/e-know.uj.edu.pl\/index.php?rest_route=%2Fwp%2Fv2%2Fcomments&post=1712"}],"version-history":[{"count":2,"href":"https:\/\/e-know.uj.edu.pl\/index.php?rest_route=\/wp\/v2\/pages\/1712\/revisions"}],"predecessor-version":[{"id":1736,"href":"https:\/\/e-know.uj.edu.pl\/index.php?rest_route=\/wp\/v2\/pages\/1712\/revisions\/1736"}],"wp:attachment":[{"href":"https:\/\/e-know.uj.edu.pl\/index.php?rest_route=%2Fwp%2Fv2%2Fmedia&parent=1712"}],"curies":[{"name":"wp","href":"https:\/\/api.w.org\/{rel}","templated":true}]}}