{"id":1718,"date":"2025-11-24T08:31:51","date_gmt":"2025-11-24T07:31:51","guid":{"rendered":"https:\/\/e-know.uj.edu.pl\/?page_id=1718"},"modified":"2025-11-24T08:31:51","modified_gmt":"2025-11-24T07:31:51","slug":"aleksandra-kedzierska","status":"publish","type":"page","link":"https:\/\/e-know.uj.edu.pl\/?page_id=1718","title":{"rendered":"Aleksandra K\u0119dzierska"},"content":{"rendered":"<div class=\"wp-block-image\">\n<figure class=\"aligncenter size-full\"><img fetchpriority=\"high\" decoding=\"async\" width=\"500\" height=\"320\" src=\"https:\/\/e-know.uj.edu.pl\/wp-content\/uploads\/2025\/11\/kedzierska.jpg\" alt=\"\" class=\"wp-image-1719\" srcset=\"https:\/\/e-know.uj.edu.pl\/wp-content\/uploads\/2025\/11\/kedzierska.jpg 500w, https:\/\/e-know.uj.edu.pl\/wp-content\/uploads\/2025\/11\/kedzierska-300x192.jpg 300w\" sizes=\"(max-width: 500px) 100vw, 500px\" \/><\/figure>\n<\/div>\n\n\n<h3 class=\"wp-block-heading has-text-align-center\">IX LO w Krakowie\u00a0<\/h3>\n\n\n\n<p>Od ponad pi\u0119ciu lat interesuj\u0119\u00a0si\u0119 japo\u0144sk\u0105 mod\u0105. Dorastaj\u0105c w Polsce, nie mia\u0142am du\u017cego dost\u0119pu do ubra\u0144 w typowo japo\u0144skim stylu ani wystarczaj\u0105cych \u015brodk\u00f3w na ich zakup czy sprowadzanie z Japonii. Dlatego zacz\u0119\u0142am interesowa\u0107 si\u0119 przerabianiem odzie\u017cy, zar\u00f3wno rzeczy, kt\u00f3re mia\u0142am ju\u017c w szafie, jak i tych znalezionych w sklepach z u\u017cywan\u0105 odzie\u017c\u0105. Od pierwszych klas podstaw\u00f3wki uczestniczy\u0142am w dodatkowych zaj\u0119ciach z szycia i plastyki, co rozwin\u0119\u0142o moj\u0105 kreatywno\u015b\u0107 oraz umiej\u0119tno\u015bci projektowania i przerabiania ubra\u0144. Dzi\u015b wci\u0105\u017c tworz\u0119 stylizacje inspirowane mod\u0105 japo\u0144sk\u0105, rysuj\u0119 projekty do przer\u00f3bki lub szycia od pierwszej nitki oraz zajmuj\u0119 si\u0119 krawiectwem. Tworz\u0119 r\u00f3wnie\u017c projekty kostium\u00f3w i charakteryzacji postaci z mang, anime oraz gier komputerowych. Interesuj\u0119 si\u0119 tak\u017ce ekologi\u0105 przemys\u0142u odzie\u017cowego, zw\u0142aszcza wp\u0142ywem masowej produkcji, sk\u0142adem materia\u0142\u00f3w oraz konsekwencjami stosowania syntetyk\u00f3w dla \u015brodowiska.\u00a0<\/p>\n\n\n\n<p><\/p>\n","protected":false},"excerpt":{"rendered":"<p>IX LO w Krakowie\u00a0 Od ponad pi\u0119ciu lat interesuj\u0119\u00a0si\u0119 japo\u0144sk\u0105 mod\u0105. Dorastaj\u0105c w Polsce, nie mia\u0142am du\u017cego dost\u0119pu do ubra\u0144 w typowo japo\u0144skim stylu ani wystarczaj\u0105cych \u015brodk\u00f3w na ich zakup&#8230;<\/p>\n","protected":false},"author":1,"featured_media":0,"parent":0,"menu_order":0,"comment_status":"closed","ping_status":"closed","template":"","meta":{"footnotes":""},"class_list":["post-1718","page","type-page","status-publish","hentry"],"_links":{"self":[{"href":"https:\/\/e-know.uj.edu.pl\/index.php?rest_route=\/wp\/v2\/pages\/1718","targetHints":{"allow":["GET"]}}],"collection":[{"href":"https:\/\/e-know.uj.edu.pl\/index.php?rest_route=\/wp\/v2\/pages"}],"about":[{"href":"https:\/\/e-know.uj.edu.pl\/index.php?rest_route=\/wp\/v2\/types\/page"}],"author":[{"embeddable":true,"href":"https:\/\/e-know.uj.edu.pl\/index.php?rest_route=\/wp\/v2\/users\/1"}],"replies":[{"embeddable":true,"href":"https:\/\/e-know.uj.edu.pl\/index.php?rest_route=%2Fwp%2Fv2%2Fcomments&post=1718"}],"version-history":[{"count":1,"href":"https:\/\/e-know.uj.edu.pl\/index.php?rest_route=\/wp\/v2\/pages\/1718\/revisions"}],"predecessor-version":[{"id":1720,"href":"https:\/\/e-know.uj.edu.pl\/index.php?rest_route=\/wp\/v2\/pages\/1718\/revisions\/1720"}],"wp:attachment":[{"href":"https:\/\/e-know.uj.edu.pl\/index.php?rest_route=%2Fwp%2Fv2%2Fmedia&parent=1718"}],"curies":[{"name":"wp","href":"https:\/\/api.w.org\/{rel}","templated":true}]}}