{"id":1749,"date":"2025-11-25T09:36:26","date_gmt":"2025-11-25T08:36:26","guid":{"rendered":"https:\/\/e-know.uj.edu.pl\/?page_id=1749"},"modified":"2025-11-25T09:36:26","modified_gmt":"2025-11-25T08:36:26","slug":"piotr-szatkowski","status":"publish","type":"page","link":"https:\/\/e-know.uj.edu.pl\/?page_id=1749","title":{"rendered":"Piotr Szatkowski"},"content":{"rendered":"<div class=\"wp-block-image\">\n<figure class=\"aligncenter size-full\"><img fetchpriority=\"high\" decoding=\"async\" width=\"500\" height=\"320\" src=\"https:\/\/e-know.uj.edu.pl\/wp-content\/uploads\/2025\/11\/szatkowski.jpg\" alt=\"\" class=\"wp-image-1750\" srcset=\"https:\/\/e-know.uj.edu.pl\/wp-content\/uploads\/2025\/11\/szatkowski.jpg 500w, https:\/\/e-know.uj.edu.pl\/wp-content\/uploads\/2025\/11\/szatkowski-300x192.jpg 300w\" sizes=\"(max-width: 500px) 100vw, 500px\" \/><\/figure>\n<\/div>\n\n\n<h3 class=\"wp-block-heading has-text-align-center\">Akademia G\u00f3rniczo &#8211; Hutnicza<\/h3>\n\n\n\n<p>Piotr Szatkowski to specjalista zwi\u0105zany z Akademi\u0105 G\u00f3rniczo-Hutnicz\u0105 w Krakowie, zajmuj\u0105cy si\u0119 tematyk\u0105 materia\u0142\u00f3w kompozytowych i biokompozyt\u00f3w, ze szczeg\u00f3lnym uwzgl\u0119dnieniem w\u0142\u00f3kien naturalnych. Jego dzia\u0142alno\u015b\u0107 naukowa koncentruje si\u0119 na opracowywaniu nowoczesnych, ekologicznych rozwi\u0105za\u0144 opartych na surowcach naturalnych oraz zr\u00f3wnowa\u017conym designie. Na konferencji ekologicznej wyst\u0105pi z prezentacj\u0105 po\u015bwi\u0119con\u0105 projektowaniu z wykorzystaniem w\u0142\u00f3kien naturalnych, podkre\u015blaj\u0105c ich rol\u0119 w tworzeniu przyjaznych \u015brodowisku materia\u0142\u00f3w i produkt\u00f3w. Szatkowski jest autorem prac dotycz\u0105cych m.in. zastosowania naturalnych surowc\u00f3w w nowych technologiach oraz wdra\u017cania innowacyjnych kompozyt\u00f3w do zastosowa\u0144 przemys\u0142owych, co czyni go ekspertem w dziedzinie eco-designu oraz zr\u00f3wnowa\u017conego rozwoju materia\u0142\u00f3w.\u00a0<\/p>\n\n\n\n<p><\/p>\n","protected":false},"excerpt":{"rendered":"<p>Akademia G\u00f3rniczo &#8211; Hutnicza Piotr Szatkowski to specjalista zwi\u0105zany z Akademi\u0105 G\u00f3rniczo-Hutnicz\u0105 w Krakowie, zajmuj\u0105cy si\u0119 tematyk\u0105 materia\u0142\u00f3w kompozytowych i biokompozyt\u00f3w, ze szczeg\u00f3lnym uwzgl\u0119dnieniem w\u0142\u00f3kien naturalnych. Jego dzia\u0142alno\u015b\u0107 naukowa koncentruje&#8230;<\/p>\n","protected":false},"author":1,"featured_media":0,"parent":0,"menu_order":0,"comment_status":"closed","ping_status":"closed","template":"","meta":{"footnotes":""},"class_list":["post-1749","page","type-page","status-publish","hentry"],"_links":{"self":[{"href":"https:\/\/e-know.uj.edu.pl\/index.php?rest_route=\/wp\/v2\/pages\/1749","targetHints":{"allow":["GET"]}}],"collection":[{"href":"https:\/\/e-know.uj.edu.pl\/index.php?rest_route=\/wp\/v2\/pages"}],"about":[{"href":"https:\/\/e-know.uj.edu.pl\/index.php?rest_route=\/wp\/v2\/types\/page"}],"author":[{"embeddable":true,"href":"https:\/\/e-know.uj.edu.pl\/index.php?rest_route=\/wp\/v2\/users\/1"}],"replies":[{"embeddable":true,"href":"https:\/\/e-know.uj.edu.pl\/index.php?rest_route=%2Fwp%2Fv2%2Fcomments&post=1749"}],"version-history":[{"count":1,"href":"https:\/\/e-know.uj.edu.pl\/index.php?rest_route=\/wp\/v2\/pages\/1749\/revisions"}],"predecessor-version":[{"id":1751,"href":"https:\/\/e-know.uj.edu.pl\/index.php?rest_route=\/wp\/v2\/pages\/1749\/revisions\/1751"}],"wp:attachment":[{"href":"https:\/\/e-know.uj.edu.pl\/index.php?rest_route=%2Fwp%2Fv2%2Fmedia&parent=1749"}],"curies":[{"name":"wp","href":"https:\/\/api.w.org\/{rel}","templated":true}]}}