{"id":1773,"date":"2025-11-26T08:48:38","date_gmt":"2025-11-26T07:48:38","guid":{"rendered":"https:\/\/e-know.uj.edu.pl\/?page_id=1773"},"modified":"2025-11-26T08:48:38","modified_gmt":"2025-11-26T07:48:38","slug":"izabela-chylek","status":"publish","type":"page","link":"https:\/\/e-know.uj.edu.pl\/?page_id=1773","title":{"rendered":"Izabela Chy\u0142ek\u00a0"},"content":{"rendered":"<div class=\"wp-block-image\">\n<figure class=\"aligncenter size-full\"><img fetchpriority=\"high\" decoding=\"async\" width=\"500\" height=\"320\" src=\"https:\/\/e-know.uj.edu.pl\/wp-content\/uploads\/2025\/11\/chylek.jpg\" alt=\"\" class=\"wp-image-1774\" srcset=\"https:\/\/e-know.uj.edu.pl\/wp-content\/uploads\/2025\/11\/chylek.jpg 500w, https:\/\/e-know.uj.edu.pl\/wp-content\/uploads\/2025\/11\/chylek-300x192.jpg 300w\" sizes=\"(max-width: 500px) 100vw, 500px\" \/><\/figure>\n<\/div>\n\n\n<h3 class=\"wp-block-heading has-text-align-center\">Hevre<\/h3>\n\n\n\n<p>Menad\u017cerka i animatorka kultury, ekspertka w zakresie promocji miast i budowania marek lokalnych. Dyrektorka kreatywna klubu HEVRE na krakowskim Kazimierzu \u2013 unikalnej przestrzeni kulturotw\u00f3rczej mieszcz\u0105cej si\u0119 w zaadaptowanym \u017bydowskim Domu Modlitwy, \u0142\u0105cz\u0105cej funkcje artystyczne, spo\u0142eczne i gastronomiczne.&nbsp;<\/p>\n\n\n\n<p>Absolwentka Uniwersytetu Jagiello\u0144skiego oraz studi\u00f3w podyplomowych z zakresu marketingu miejsc i e-marketingu.&nbsp;<\/p>\n\n\n\n<p><\/p>\n","protected":false},"excerpt":{"rendered":"<p>Hevre Menad\u017cerka i animatorka kultury, ekspertka w zakresie promocji miast i budowania marek lokalnych. Dyrektorka kreatywna klubu HEVRE na krakowskim Kazimierzu \u2013 unikalnej przestrzeni kulturotw\u00f3rczej mieszcz\u0105cej si\u0119 w zaadaptowanym \u017bydowskim&#8230;<\/p>\n","protected":false},"author":1,"featured_media":0,"parent":0,"menu_order":0,"comment_status":"closed","ping_status":"closed","template":"","meta":{"footnotes":""},"class_list":["post-1773","page","type-page","status-publish","hentry"],"_links":{"self":[{"href":"https:\/\/e-know.uj.edu.pl\/index.php?rest_route=\/wp\/v2\/pages\/1773","targetHints":{"allow":["GET"]}}],"collection":[{"href":"https:\/\/e-know.uj.edu.pl\/index.php?rest_route=\/wp\/v2\/pages"}],"about":[{"href":"https:\/\/e-know.uj.edu.pl\/index.php?rest_route=\/wp\/v2\/types\/page"}],"author":[{"embeddable":true,"href":"https:\/\/e-know.uj.edu.pl\/index.php?rest_route=\/wp\/v2\/users\/1"}],"replies":[{"embeddable":true,"href":"https:\/\/e-know.uj.edu.pl\/index.php?rest_route=%2Fwp%2Fv2%2Fcomments&post=1773"}],"version-history":[{"count":1,"href":"https:\/\/e-know.uj.edu.pl\/index.php?rest_route=\/wp\/v2\/pages\/1773\/revisions"}],"predecessor-version":[{"id":1775,"href":"https:\/\/e-know.uj.edu.pl\/index.php?rest_route=\/wp\/v2\/pages\/1773\/revisions\/1775"}],"wp:attachment":[{"href":"https:\/\/e-know.uj.edu.pl\/index.php?rest_route=%2Fwp%2Fv2%2Fmedia&parent=1773"}],"curies":[{"name":"wp","href":"https:\/\/api.w.org\/{rel}","templated":true}]}}