{"id":1786,"date":"2025-11-26T12:39:32","date_gmt":"2025-11-26T11:39:32","guid":{"rendered":"https:\/\/e-know.uj.edu.pl\/?page_id=1786"},"modified":"2025-11-26T12:39:32","modified_gmt":"2025-11-26T11:39:32","slug":"marek-rabij","status":"publish","type":"page","link":"https:\/\/e-know.uj.edu.pl\/?page_id=1786","title":{"rendered":"Marek Rabij\u00a0"},"content":{"rendered":"<div class=\"wp-block-image\">\n<figure class=\"aligncenter size-full\"><img fetchpriority=\"high\" decoding=\"async\" width=\"500\" height=\"320\" src=\"https:\/\/e-know.uj.edu.pl\/wp-content\/uploads\/2025\/11\/rabij.jpg\" alt=\"\" class=\"wp-image-1787\" srcset=\"https:\/\/e-know.uj.edu.pl\/wp-content\/uploads\/2025\/11\/rabij.jpg 500w, https:\/\/e-know.uj.edu.pl\/wp-content\/uploads\/2025\/11\/rabij-300x192.jpg 300w\" sizes=\"(max-width: 500px) 100vw, 500px\" \/><\/figure>\n<\/div>\n\n\n<h3 class=\"wp-block-heading has-text-align-center\"><\/h3>\n\n\n\n<p>Reporta\u017cysta i dziennikarz ekonomiczny. Interesuje si\u0119 zw\u0142aszcza relacjami tzw. Zachodu i Azji oraz wp\u0142ywem globalizacji na \u017cycie codzienne. Laureat nagrody NBP im. W\u0142adys\u0142awa Grabskiego dla najlepszego dziennikarza ekonomicznego. Jego ksi\u0105\u017ckowy debiut, \u201e\u017bycie na miar\u0119\u201d, opowie\u015b\u0107 o przemy\u015ble odzie\u017cowym w Bangladeszu, otrzyma\u0142 nominacj\u0119 do nagrody im. Teresy Tora\u0144skiej. Kolejna ksi\u0105\u017cka \u2013 \u201eNajwa\u017cniejszy wrzesie\u0144 \u015bwiata. Kronika niezauwa\u017conego ludob\u00f3jstwa na Rohingach\u201d \u2013 otrzyma\u0142a nominacj\u0119 Grand Press w konkursie na reportersk\u0105 ksi\u0105\u017ck\u0119 roku.\u00a0<\/p>\n\n\n\n<p><\/p>\n","protected":false},"excerpt":{"rendered":"<p>Reporta\u017cysta i dziennikarz ekonomiczny. Interesuje si\u0119 zw\u0142aszcza relacjami tzw. Zachodu i Azji oraz wp\u0142ywem globalizacji na \u017cycie codzienne. Laureat nagrody NBP im. W\u0142adys\u0142awa Grabskiego dla najlepszego dziennikarza ekonomicznego. Jego ksi\u0105\u017ckowy&#8230;<\/p>\n","protected":false},"author":1,"featured_media":0,"parent":0,"menu_order":0,"comment_status":"closed","ping_status":"closed","template":"","meta":{"footnotes":""},"class_list":["post-1786","page","type-page","status-publish","hentry"],"_links":{"self":[{"href":"https:\/\/e-know.uj.edu.pl\/index.php?rest_route=\/wp\/v2\/pages\/1786","targetHints":{"allow":["GET"]}}],"collection":[{"href":"https:\/\/e-know.uj.edu.pl\/index.php?rest_route=\/wp\/v2\/pages"}],"about":[{"href":"https:\/\/e-know.uj.edu.pl\/index.php?rest_route=\/wp\/v2\/types\/page"}],"author":[{"embeddable":true,"href":"https:\/\/e-know.uj.edu.pl\/index.php?rest_route=\/wp\/v2\/users\/1"}],"replies":[{"embeddable":true,"href":"https:\/\/e-know.uj.edu.pl\/index.php?rest_route=%2Fwp%2Fv2%2Fcomments&post=1786"}],"version-history":[{"count":1,"href":"https:\/\/e-know.uj.edu.pl\/index.php?rest_route=\/wp\/v2\/pages\/1786\/revisions"}],"predecessor-version":[{"id":1788,"href":"https:\/\/e-know.uj.edu.pl\/index.php?rest_route=\/wp\/v2\/pages\/1786\/revisions\/1788"}],"wp:attachment":[{"href":"https:\/\/e-know.uj.edu.pl\/index.php?rest_route=%2Fwp%2Fv2%2Fmedia&parent=1786"}],"curies":[{"name":"wp","href":"https:\/\/api.w.org\/{rel}","templated":true}]}}