{"id":1796,"date":"2025-11-26T16:02:15","date_gmt":"2025-11-26T15:02:15","guid":{"rendered":"https:\/\/e-know.uj.edu.pl\/?page_id=1796"},"modified":"2025-11-26T16:02:15","modified_gmt":"2025-11-26T15:02:15","slug":"wystawa-prac-kariny-czernek","status":"publish","type":"page","link":"https:\/\/e-know.uj.edu.pl\/?page_id=1796","title":{"rendered":"Wystawa prac Kariny Czernek"},"content":{"rendered":"\n<details class=\"wp-block-details is-layout-flow wp-block-details-is-layout-flow\"><summary>Podczas wydarzenia zaprezentowana zostanie wystawa prac Kariny Czernek pt. \u201cCielesne\u201d oraz \u201cJ\u0119zyk cia\u0142a drzew\u201d. Artystka tworzy w autorskiej technice malarskiej, dzi\u0119ki kt\u00f3rej uzyskuje efekt przenikania p\u0142aszczyzn. W swoich realizacjach wykorzystuje nak\u0142adane na siebie p\u00f3\u0142przezroczyste tkaniny przemys\u0142owe, poddawane nast\u0119pnie obr\u00f3bce malarskiej, co pozwala jej \u0142\u0105czy\u0107 dwa g\u0142\u00f3wne obszary zainteresowa\u0144 \u2013 malarstwo i tkanin\u0119 w ramach jednej kompozycji. Eksperymentuje z r\u00f3\u017cnorodnymi technikami i nieustannie poszukuje nowych rozwi\u0105za\u0144 artystycznych. Jest absolwentk\u0105 Uniwersytetu \u015al\u0105skiego w Katowicach, Wydzia\u0142u Pedagogiczno-Artystycznego w Cieszynie.\u00a0Dyplom z wyr\u00f3\u017cnieniem w pracowni malarstwa prof. Jerzego Wro\u0144skiego uzyska\u0142a w 1998 roku. W 2018 roku otrzyma\u0142a tytu\u0142 doktora w dziedzinie sztuk plastycznych na\u00a0Uniwersytecie Jana Kochanowskiego w Kielcach.\u00a0Jest autork\u0105 27 wystaw indywidualnych, bra\u0142a udzia\u0142 w 37 wystawach zbiorowych, w tym czterokrotnie zakwalifikowa\u0142a si\u0119 do Biennale Malarstwa \u201eBielska Jesie\u0144&#8221; w Galerii Bielskiej BWA w Bielsku-Bia\u0142ej (2005, 2011, 2017, 2021), trzykrotnie do &#8222;Triennale Ma\u0142ych Form Malarskich&#8221; w Galerii Sztuki Wozownia w Toruniu (2016, 2019, 2022), dwukrotnie do Triennale Malarstwa \u201eANIMALIS\u201d w Miejskiej Galerii Sztuki MM w Chorzowie (2017, 2023), do Triennale Polskiego Malarstwa Wsp\u00f3\u0142czesnego &#8222;Jesienne Konfrontacje&#8221;, Rzesz\u00f3w 2022 oraz do Mi\u0119dzynarodowego Biennale Obrazu &#8222;Quadro Art&#8221; w \u0141odzi (2018), na kt\u00f3rym otrzyma\u0142a wyr\u00f3\u017cnienie honorowe. Na Og\u00f3lnopolskim Biennale Sztuki &#8222;45. Salon Zimowy&#8221; w Radomiu (2018) otrzyma\u0142a II nagrod\u0119 &#8211;\u00a0Nagrod\u0119 Prezydenta Miasta Radomia. Jej prace mo\u017cna by\u0142o zobaczy\u0107 r\u00f3wnie\u017c na wystawie pokonkursowej &#8222;47. Salonu Zimowego&#8221; w 2022 roku. Jest laureatk\u0105 Nagrody Dyrektora Galerii Bielskiej BWA podczas \u201e3. Bielskiego Festiwalu Sztuk Wizualnych 2014\u201d, kt\u00f3r\u0105 by\u0142o zaproszenie\u00a0do wystawy indywidualnej w Galerii Bielskiej BWA.\u00a0W 2015 roku otrzyma\u0142a stypendium Miasta Bielska-Bia\u0142ej w dziedzinie kultury i sztuki a w 2024 roku by\u0142a nominowana do Nagrody Prezydenta Miasta Bielska-Bia\u0142ej w dziedzinie kultury i sztuki \u201eIkar 2023\u201d.\u00a0\u00a0<br>\u00a0\u00a0<br>\u00a0<br>\u00a0<\/summary>\n<h2 class=\"wp-block-heading\"><\/h2>\n<\/details>\n","protected":false},"excerpt":{"rendered":"","protected":false},"author":1,"featured_media":0,"parent":0,"menu_order":0,"comment_status":"closed","ping_status":"closed","template":"","meta":{"footnotes":""},"class_list":["post-1796","page","type-page","status-publish","hentry"],"_links":{"self":[{"href":"https:\/\/e-know.uj.edu.pl\/index.php?rest_route=\/wp\/v2\/pages\/1796","targetHints":{"allow":["GET"]}}],"collection":[{"href":"https:\/\/e-know.uj.edu.pl\/index.php?rest_route=\/wp\/v2\/pages"}],"about":[{"href":"https:\/\/e-know.uj.edu.pl\/index.php?rest_route=\/wp\/v2\/types\/page"}],"author":[{"embeddable":true,"href":"https:\/\/e-know.uj.edu.pl\/index.php?rest_route=\/wp\/v2\/users\/1"}],"replies":[{"embeddable":true,"href":"https:\/\/e-know.uj.edu.pl\/index.php?rest_route=%2Fwp%2Fv2%2Fcomments&post=1796"}],"version-history":[{"count":1,"href":"https:\/\/e-know.uj.edu.pl\/index.php?rest_route=\/wp\/v2\/pages\/1796\/revisions"}],"predecessor-version":[{"id":1797,"href":"https:\/\/e-know.uj.edu.pl\/index.php?rest_route=\/wp\/v2\/pages\/1796\/revisions\/1797"}],"wp:attachment":[{"href":"https:\/\/e-know.uj.edu.pl\/index.php?rest_route=%2Fwp%2Fv2%2Fmedia&parent=1796"}],"curies":[{"name":"wp","href":"https:\/\/api.w.org\/{rel}","templated":true}]}}