{"id":1840,"date":"2025-12-03T07:23:44","date_gmt":"2025-12-03T06:23:44","guid":{"rendered":"https:\/\/e-know.uj.edu.pl\/?page_id=1840"},"modified":"2025-12-03T07:23:44","modified_gmt":"2025-12-03T06:23:44","slug":"marta-smagacz-poziemska","status":"publish","type":"page","link":"https:\/\/e-know.uj.edu.pl\/?page_id=1840","title":{"rendered":"Marta Smagacz-Poziemska"},"content":{"rendered":"<div class=\"wp-block-image\">\n<figure class=\"aligncenter size-full\"><img fetchpriority=\"high\" decoding=\"async\" width=\"500\" height=\"320\" src=\"https:\/\/e-know.uj.edu.pl\/wp-content\/uploads\/2025\/12\/smagacz.jpg\" alt=\"\" class=\"wp-image-1841\" srcset=\"https:\/\/e-know.uj.edu.pl\/wp-content\/uploads\/2025\/12\/smagacz.jpg 500w, https:\/\/e-know.uj.edu.pl\/wp-content\/uploads\/2025\/12\/smagacz-300x192.jpg 300w\" sizes=\"(max-width: 500px) 100vw, 500px\" \/><\/figure>\n<\/div>\n\n\n<h3 class=\"wp-block-heading has-text-align-center\">Uniwersytet Jagiello\u0144ski<\/h3>\n\n\n\n<p><strong>Marta Smagacz-Poziemska<\/strong>&nbsp;&#8211;&nbsp;jest socjolo\u017ck\u0105,&nbsp;specjalizuje si\u0119 w interdyscyplinarnych badaniach nad miastem, przestrzeni\u0105 i miejskimi s\u0105siedztwami. Obecnie w ramach grantu <em>Normalno\u015b\u0107 w warunkach niepewno\u015bci<\/em>&nbsp;zajmuje si\u0119 badaniem \u201cpowracania do (nowej) normalno\u015bci\u201d w miastach (grant NCN). By\u0142a zaanga\u017cowana w projekt <em>Fashion &amp; Food synergy for sustainability <\/em>(Erasmus+), w ramach kt\u00f3rego opracowano narz\u0119dzia cyfrowe do uczenia o zr\u00f3wnowa\u017conych przemys\u0142ach miejskich.<\/p>\n\n\n\n<p>Od blisko 20 lat &#8211; w roli ekspertki, badaczki, moderatorki &#8211; wsp\u00f3\u0142pracuje z lokalnymi, regionalnymi i mi\u0119dzynarodowymi instytucjami publicznymi oraz organizacjami pozarz\u0105dowymi. Od 2021 jest cz\u0142onkini\u0105 Rady Strategii Rozwoju Krakowa.<\/p>\n\n\n\n<p><\/p>\n","protected":false},"excerpt":{"rendered":"<p>Uniwersytet Jagiello\u0144ski Marta Smagacz-Poziemska&nbsp;&#8211;&nbsp;jest socjolo\u017ck\u0105,&nbsp;specjalizuje si\u0119 w interdyscyplinarnych badaniach nad miastem, przestrzeni\u0105 i miejskimi s\u0105siedztwami. Obecnie w ramach grantu Normalno\u015b\u0107 w warunkach niepewno\u015bci&nbsp;zajmuje si\u0119 badaniem \u201cpowracania do (nowej) normalno\u015bci\u201d w&#8230;<\/p>\n","protected":false},"author":1,"featured_media":0,"parent":0,"menu_order":0,"comment_status":"closed","ping_status":"closed","template":"","meta":{"footnotes":""},"class_list":["post-1840","page","type-page","status-publish","hentry"],"_links":{"self":[{"href":"https:\/\/e-know.uj.edu.pl\/index.php?rest_route=\/wp\/v2\/pages\/1840","targetHints":{"allow":["GET"]}}],"collection":[{"href":"https:\/\/e-know.uj.edu.pl\/index.php?rest_route=\/wp\/v2\/pages"}],"about":[{"href":"https:\/\/e-know.uj.edu.pl\/index.php?rest_route=\/wp\/v2\/types\/page"}],"author":[{"embeddable":true,"href":"https:\/\/e-know.uj.edu.pl\/index.php?rest_route=\/wp\/v2\/users\/1"}],"replies":[{"embeddable":true,"href":"https:\/\/e-know.uj.edu.pl\/index.php?rest_route=%2Fwp%2Fv2%2Fcomments&post=1840"}],"version-history":[{"count":1,"href":"https:\/\/e-know.uj.edu.pl\/index.php?rest_route=\/wp\/v2\/pages\/1840\/revisions"}],"predecessor-version":[{"id":1842,"href":"https:\/\/e-know.uj.edu.pl\/index.php?rest_route=\/wp\/v2\/pages\/1840\/revisions\/1842"}],"wp:attachment":[{"href":"https:\/\/e-know.uj.edu.pl\/index.php?rest_route=%2Fwp%2Fv2%2Fmedia&parent=1840"}],"curies":[{"name":"wp","href":"https:\/\/api.w.org\/{rel}","templated":true}]}}