{"id":752,"date":"2023-10-26T09:50:46","date_gmt":"2023-10-26T07:50:46","guid":{"rendered":"https:\/\/e-know.uj.edu.pl\/?page_id=752"},"modified":"2023-11-10T14:16:12","modified_gmt":"2023-11-10T13:16:12","slug":"prof-jerzy-lis","status":"publish","type":"page","link":"https:\/\/e-know.uj.edu.pl\/?page_id=752","title":{"rendered":"Prof. dr hab. in\u017c. Barbara Tomaszewska"},"content":{"rendered":"<div class=\"wp-block-image\">\n<figure class=\"aligncenter size-full\"><img fetchpriority=\"high\" decoding=\"async\" width=\"500\" height=\"320\" src=\"https:\/\/e-know.uj.edu.pl\/wp-content\/uploads\/2023\/11\/tomaszewska.jpg\" alt=\"\" class=\"wp-image-919\" srcset=\"https:\/\/e-know.uj.edu.pl\/wp-content\/uploads\/2023\/11\/tomaszewska.jpg 500w, https:\/\/e-know.uj.edu.pl\/wp-content\/uploads\/2023\/11\/tomaszewska-300x192.jpg 300w\" sizes=\"(max-width: 500px) 100vw, 500px\" \/><\/figure>\n<\/div>\n\n\n<h3 class=\"wp-block-heading has-text-align-center\">Zast\u0119pca Kierownika Projektu &#8222;Inicjatywa Doskona\u0142o\u015bci &#8211; Uczelnia Badawcza&#8221; AGH<\/h3>\n\n\n\n<p>Koordynator z ramienia AGH Mi\u0119dzyuczelnianego Centrum Badawczego WODA<\/p>\n\n\n\n<p>Cz\u0142onek presti\u017cowego UNESCO CHAIR ON GROUNDWATER ARSENIC WITHIN THE 2030 AGENDA FOR SUSTAINABLE DEVELOPMENT, niezale\u017cnego mi\u0119dzynarodowego zespo\u0142u ekspert\u00f3w i doradc\u00f3w realizuj\u0105cych wsp\u00f3lne badania, poszukuj\u0105cych innowacyjnych rozwi\u0105za\u0144 i dobrych praktyk dla rozwi\u0105zania globalnego problemu WODY w ramach Agendy UNESCO dla Zr\u00f3wnowa\u017conego Rozwoju 2030.<\/p>\n\n\n\n<p>Hydrogeolog, stopie\u0144 doktora uzyska\u0142a w 2001 roku na Wydziale Geologii, Geofizyki i Ochrony \u015arodowiska Akademii G\u00f3rniczo-Hutniczej w Krakowie (AGH), stopie\u0144 doktora habilitowanego&nbsp; w 2013 r., a tytu\u0142 profesora nauk \u015bcis\u0142ych i przyrodniczych w 2020 r.<\/p>\n\n\n\n<p>Prowadzi dzia\u0142alno\u015b\u0107 naukow\u0105 w zakresie hydrogeologii, hydrogeochemii, geotermii, in\u017cynierii \u015brodowiska oraz wykorzystania membranowych technik w procesach uzdatniania w\u00f3d. Jest rozpoznawalna na arenie mi\u0119dzynarodowej za liczne prace badawcze z obszaru racjonalnego i zr\u00f3wnowa\u017conego wykorzystania zasob\u00f3w wodnych, wykorzystania technik membranowych w uzdatnianiu w\u00f3d, mitygacji zagro\u017ce\u0144 ska\u017cenia \u015brodowiska czynnikami naturalnymi i antropogenicznymi, efektywnego wykorzystania w\u00f3d i energii geotermalnej.<\/p>\n\n\n\n<p>Opublikowa\u0142a ok. 250 prac naukowych w wiod\u0105cych czasopismach mi\u0119dzynarodowych i krajowych, kt\u00f3re by\u0142y cytowane ponad 2500 razy, IH 28 (Google Scholar), 24 (Scopus). Jest autorem\/wsp\u00f3\u0142autorem 14 ksi\u0105\u017cek, monografii i atlas\u00f3w w tym szczeg\u00f3lnie wysoko cenionej w \u015brodowisku mi\u0119dzynarodowym pracy \u201eGeothermal Water Management\u201d (J. Bundschuh i B. Tomaszewska, 2018).<\/p>\n\n\n\n<p>Od 2018 roku jest edytorem w czasopi\u015bmie Elsevier \u201eGroundwater for Sustainable Development\u201d (TOP10) oraz go\u015bcinnym redaktorem w czasopismach \u201eJournal of Hazardous Materials\u201d (TOP10), \u201eEnvironmental Pollution\u201d(TOP10).<\/p>\n\n\n\n<p>W ramach swojej dzia\u0142alno\u015bci naukowej bierze aktywny udzia\u0142 w badaniach realizowanych w ramach wsp\u00f3\u0142pracy mi\u0119dzynarodowej. Jako lider, koordynator i \/ lub g\u0142\u00f3wny wykonawca bra\u0142a i\/lub bierze nadal udzia\u0142 w 20 mi\u0119dzynarodowych projektach finansowanych z program\u00f3w Unii Europejskiej, EOG i bilateralnych oraz w 18 krajowych projektach badawczo-rozwojowych finansowanych ze \u015brodk\u00f3w Komitetu Bada\u0144 Naukowych, Ministerstwa Nauki i Szkolnictwa Wy\u017cszego, Narodowego Centrum Bada\u0144 i Rozwoju, Narodowego Funduszu Ochrony \u015arodowiska i Gospodarki Wodnej oraz Ministerstwa \u015arodowiska. Autor ponad 250 prac o charakterze wdro\u017ceniowym oraz 3 patent\u00f3w.<\/p>\n\n\n\n<p>W 2011 roku otrzyma\u0142a odznak\u0119 Ministra \u015arodowiska \u201eZas\u0142u\u017cony dla geologii polskiej\u201d.<\/p>\n","protected":false},"excerpt":{"rendered":"<p>Zast\u0119pca Kierownika Projektu &#8222;Inicjatywa Doskona\u0142o\u015bci &#8211; Uczelnia Badawcza&#8221; AGH Koordynator z ramienia AGH Mi\u0119dzyuczelnianego Centrum Badawczego WODA Cz\u0142onek presti\u017cowego UNESCO CHAIR ON GROUNDWATER ARSENIC WITHIN THE 2030 AGENDA FOR SUSTAINABLE&#8230;<\/p>\n","protected":false},"author":1,"featured_media":0,"parent":0,"menu_order":0,"comment_status":"closed","ping_status":"closed","template":"","meta":{"footnotes":""},"class_list":["post-752","page","type-page","status-publish","hentry"],"_links":{"self":[{"href":"https:\/\/e-know.uj.edu.pl\/index.php?rest_route=\/wp\/v2\/pages\/752","targetHints":{"allow":["GET"]}}],"collection":[{"href":"https:\/\/e-know.uj.edu.pl\/index.php?rest_route=\/wp\/v2\/pages"}],"about":[{"href":"https:\/\/e-know.uj.edu.pl\/index.php?rest_route=\/wp\/v2\/types\/page"}],"author":[{"embeddable":true,"href":"https:\/\/e-know.uj.edu.pl\/index.php?rest_route=\/wp\/v2\/users\/1"}],"replies":[{"embeddable":true,"href":"https:\/\/e-know.uj.edu.pl\/index.php?rest_route=%2Fwp%2Fv2%2Fcomments&post=752"}],"version-history":[{"count":3,"href":"https:\/\/e-know.uj.edu.pl\/index.php?rest_route=\/wp\/v2\/pages\/752\/revisions"}],"predecessor-version":[{"id":921,"href":"https:\/\/e-know.uj.edu.pl\/index.php?rest_route=\/wp\/v2\/pages\/752\/revisions\/921"}],"wp:attachment":[{"href":"https:\/\/e-know.uj.edu.pl\/index.php?rest_route=%2Fwp%2Fv2%2Fmedia&parent=752"}],"curies":[{"name":"wp","href":"https:\/\/api.w.org\/{rel}","templated":true}]}}