{"id":771,"date":"2023-10-26T10:05:51","date_gmt":"2023-10-26T08:05:51","guid":{"rendered":"https:\/\/e-know.uj.edu.pl\/?page_id=771"},"modified":"2025-11-21T15:03:32","modified_gmt":"2025-11-21T14:03:32","slug":"dr-inz-anna-kolton-prof-urk","status":"publish","type":"page","link":"https:\/\/e-know.uj.edu.pl\/?page_id=771","title":{"rendered":"Szczepan Zapotoczny"},"content":{"rendered":"<div class=\"wp-block-image\">\n<figure class=\"aligncenter size-full\"><img fetchpriority=\"high\" decoding=\"async\" width=\"500\" height=\"320\" src=\"https:\/\/e-know.uj.edu.pl\/wp-content\/uploads\/2025\/11\/zapotoczny.jpg\" alt=\"\" class=\"wp-image-1669\" srcset=\"https:\/\/e-know.uj.edu.pl\/wp-content\/uploads\/2025\/11\/zapotoczny.jpg 500w, https:\/\/e-know.uj.edu.pl\/wp-content\/uploads\/2025\/11\/zapotoczny-300x192.jpg 300w\" sizes=\"(max-width: 500px) 100vw, 500px\" \/><\/figure>\n<\/div>\n\n\n<h3 class=\"wp-block-heading has-text-align-center\">Uniwersytet Jagiello\u0144ski<\/h3>\n\n\n\n<p>Szczepan Zapotoczny jest profesorem chemii na Uniwersytecie Jagiello\u0144skim w Krakowie.\u00a0 gdzie uzyska\u0142 r\u00f3wnie\u017c stopie\u0144 doktora (1999 r.). Po odbyciu sta\u017cu podoktorskiego w Holandii (Uniwersytet Twente) dalsze prace naukowe kontynuuje na UJ. Jego obecne zainteresowania naukowe koncentruj\u0105 si\u0119 wok\u00f3\u0142 fizykochemii polimer\u00f3w oraz nanostrukturalnych materia\u0142\u00f3w polimerowych i hybrydowych, a zakres zastosowa\u0144 tych nowych materia\u0142\u00f3w obejmuje m.in. nanono\u015bniki lek\u00f3w, pow\u0142oki antybakteryjne, konwersj\u0119 energii, biomateria\u0142y polimerowe, nanoczujniki, Jest liderem grupy Nanotechnologii Polimer\u00f3w i Biomateria\u0142\u00f3w oraz zespo\u0142u Nanoin\u017cynierii Funkcjonalnych Materia\u0142\u00f3w Polimerowych (<a href=\"https:\/\/nfpm.chemia.uj.edu.pl\/\" target=\"_blank\" rel=\"noreferrer noopener\">https:\/\/nfpm.chemia.uj.edu.pl<\/a>). Kierowa\u0142 wieloma projektami badawczymi i badawczo-rozwojowymi na poziomie krajowym oraz we wsp\u00f3\u0142pracy z partnerami m.in. z Niemiec, Chin, Szwecji. Jest wsp\u00f3\u0142autorem ponad 190 prac naukowych oraz ok. 20 zg\u0142osze\u0144 patentowych i udzielonych patent\u00f3w, z kt\u00f3rych 6 wynalazk\u00f3w zosta\u0142o skomercjalizowanych. Jest cz\u0142onkiem Rad Naukowych 3 instytut\u00f3w Polskiej Akademii Nauk oraz cz\u0142onkiem Komitetu Chemii PAN.\u00a0<\/p>\n\n\n\n<p><\/p>\n\n\n\n<p><\/p>\n","protected":false},"excerpt":{"rendered":"<p>Uniwersytet Jagiello\u0144ski Szczepan Zapotoczny jest profesorem chemii na Uniwersytecie Jagiello\u0144skim w Krakowie.\u00a0 gdzie uzyska\u0142 r\u00f3wnie\u017c stopie\u0144 doktora (1999 r.). Po odbyciu sta\u017cu podoktorskiego w Holandii (Uniwersytet Twente) dalsze prace naukowe&#8230;<\/p>\n","protected":false},"author":1,"featured_media":0,"parent":0,"menu_order":0,"comment_status":"closed","ping_status":"closed","template":"","meta":{"footnotes":""},"class_list":["post-771","page","type-page","status-publish","hentry"],"_links":{"self":[{"href":"https:\/\/e-know.uj.edu.pl\/index.php?rest_route=\/wp\/v2\/pages\/771","targetHints":{"allow":["GET"]}}],"collection":[{"href":"https:\/\/e-know.uj.edu.pl\/index.php?rest_route=\/wp\/v2\/pages"}],"about":[{"href":"https:\/\/e-know.uj.edu.pl\/index.php?rest_route=\/wp\/v2\/types\/page"}],"author":[{"embeddable":true,"href":"https:\/\/e-know.uj.edu.pl\/index.php?rest_route=\/wp\/v2\/users\/1"}],"replies":[{"embeddable":true,"href":"https:\/\/e-know.uj.edu.pl\/index.php?rest_route=%2Fwp%2Fv2%2Fcomments&post=771"}],"version-history":[{"count":2,"href":"https:\/\/e-know.uj.edu.pl\/index.php?rest_route=\/wp\/v2\/pages\/771\/revisions"}],"predecessor-version":[{"id":1670,"href":"https:\/\/e-know.uj.edu.pl\/index.php?rest_route=\/wp\/v2\/pages\/771\/revisions\/1670"}],"wp:attachment":[{"href":"https:\/\/e-know.uj.edu.pl\/index.php?rest_route=%2Fwp%2Fv2%2Fmedia&parent=771"}],"curies":[{"name":"wp","href":"https:\/\/api.w.org\/{rel}","templated":true}]}}