{"id":846,"date":"2023-10-30T14:38:38","date_gmt":"2023-10-30T13:38:38","guid":{"rendered":"https:\/\/e-know.uj.edu.pl\/?page_id=846"},"modified":"2025-11-21T15:02:03","modified_gmt":"2025-11-21T14:02:03","slug":"dr-inz-dorota-pierri","status":"publish","type":"page","link":"https:\/\/e-know.uj.edu.pl\/?page_id=846","title":{"rendered":"Dagmara Wr\u00f3bel-Biedrawa"},"content":{"rendered":"<div class=\"wp-block-image\">\n<figure class=\"aligncenter size-full\"><img fetchpriority=\"high\" decoding=\"async\" width=\"500\" height=\"320\" src=\"https:\/\/e-know.uj.edu.pl\/wp-content\/uploads\/2025\/11\/wrobel.jpg\" alt=\"\" class=\"wp-image-1662\" srcset=\"https:\/\/e-know.uj.edu.pl\/wp-content\/uploads\/2025\/11\/wrobel.jpg 500w, https:\/\/e-know.uj.edu.pl\/wp-content\/uploads\/2025\/11\/wrobel-300x192.jpg 300w\" sizes=\"(max-width: 500px) 100vw, 500px\" \/><\/figure>\n<\/div>\n\n\n<h3 class=\"wp-block-heading has-text-align-center\">Uniwersytet Jagiello\u0144ski Collegium &#8211; Medicum<\/h3>\n\n\n\n<p>Dr Dagmara Wr\u00f3bel-Biedrawa jest adiunktem w Katedrze Farmakognozji UJ CM w Krakowie. Zawodowo zajmuje si\u0119 farmakognozj\u0105, lekami pochodzenia naturalnego oraz fitokosmetologi\u0105. Powadzi zaj\u0119cia dydaktyczne ze studentami farmacji, kosmetologii i medycyny, a przedmiotem jej bada\u0144 naukowych s\u0105: ro\u015blinne zwi\u0105zki benzochinonowe, polifenolowe oraz analiza fitochemiczna ro\u015blin z rodziny pierwiosnkowatych. W\u015br\u00f3d zainteresowa\u0144 naukowych znajduj\u0105 si\u0119 r\u00f3wnie\u017c substancje, w tym ro\u015blinne, o aktywno\u015bci o\u015brodkowej. Wsp\u00f3\u0142autorka podr\u0119cznika \u201eFitokosmetyki\u201d.\u00a0<\/p>\n\n\n\n<p><\/p>\n","protected":false},"excerpt":{"rendered":"<p>Uniwersytet Jagiello\u0144ski Collegium &#8211; Medicum Dr Dagmara Wr\u00f3bel-Biedrawa jest adiunktem w Katedrze Farmakognozji UJ CM w Krakowie. Zawodowo zajmuje si\u0119 farmakognozj\u0105, lekami pochodzenia naturalnego oraz fitokosmetologi\u0105. Powadzi zaj\u0119cia dydaktyczne ze&#8230;<\/p>\n","protected":false},"author":1,"featured_media":0,"parent":0,"menu_order":0,"comment_status":"closed","ping_status":"closed","template":"","meta":{"footnotes":""},"class_list":["post-846","page","type-page","status-publish","hentry"],"_links":{"self":[{"href":"https:\/\/e-know.uj.edu.pl\/index.php?rest_route=\/wp\/v2\/pages\/846","targetHints":{"allow":["GET"]}}],"collection":[{"href":"https:\/\/e-know.uj.edu.pl\/index.php?rest_route=\/wp\/v2\/pages"}],"about":[{"href":"https:\/\/e-know.uj.edu.pl\/index.php?rest_route=\/wp\/v2\/types\/page"}],"author":[{"embeddable":true,"href":"https:\/\/e-know.uj.edu.pl\/index.php?rest_route=\/wp\/v2\/users\/1"}],"replies":[{"embeddable":true,"href":"https:\/\/e-know.uj.edu.pl\/index.php?rest_route=%2Fwp%2Fv2%2Fcomments&post=846"}],"version-history":[{"count":2,"href":"https:\/\/e-know.uj.edu.pl\/index.php?rest_route=\/wp\/v2\/pages\/846\/revisions"}],"predecessor-version":[{"id":1664,"href":"https:\/\/e-know.uj.edu.pl\/index.php?rest_route=\/wp\/v2\/pages\/846\/revisions\/1664"}],"wp:attachment":[{"href":"https:\/\/e-know.uj.edu.pl\/index.php?rest_route=%2Fwp%2Fv2%2Fmedia&parent=846"}],"curies":[{"name":"wp","href":"https:\/\/api.w.org\/{rel}","templated":true}]}}